{"id":88133,"date":"2024-03-19T09:31:57","date_gmt":"2024-03-19T09:31:57","guid":{"rendered":"https:\/\/kanzlei-innsbruck.at\/kontakt"},"modified":"2025-06-17T13:10:05","modified_gmt":"2025-06-17T13:10:05","slug":"kontakt","status":"publish","type":"page","link":"https:\/\/kanzlei-innsbruck.at\/en\/kontakt","title":{"rendered":"Contact"},"content":{"rendered":"<p>[et_pb_section fb_built=&#8221;1&#8243; fullwidth=&#8221;on&#8221; _builder_version=&#8221;4.24.3&#8243; _module_preset=&#8221;default&#8221; global_colors_info=&#8221;{}&#8221;][et_pb_fullwidth_slider _builder_version=&#8221;4.27.0&#8243; _module_preset=&#8221;default&#8221; header_font=&#8221;|600|||||||&#8221; header_font_size=&#8221;46px&#8221; hover_enabled=&#8221;0&#8243; global_colors_info=&#8221;{}&#8221; sticky_enabled=&#8221;0&#8243;][et_pb_slide heading=&#8221;Contact&#8221; _builder_version=&#8221;4.27.0&#8243; _module_preset=&#8221;default&#8221; background_color=&#8221;rgba(0,0,0,0.5)&#8221; background_enable_color=&#8221;on&#8221; background_image=&#8221;https:\/\/kanzlei-innsbruck.at\/wp-content\/uploads\/2024\/04\/kanzleiluethmikuz_stock_11-1-scaled.jpg&#8221; background_enable_image=&#8221;on&#8221; background_blend=&#8221;multiply&#8221; hover_enabled=&#8221;0&#8243; global_colors_info=&#8221;{}&#8221; sticky_transition=&#8221;on&#8221; alt=&#8221;Ein Mann und eine Frau sitzen an einem Schreibtisch in einer Kanzlei in Innsbruck, l\u00e4cheln und sch\u00fctteln sich \u00fcber Papierkram die H\u00e4nde, im Hintergrund sind Pflanzen und ein Fenster zu sehen.&#8221; title_text=&#8221;kanzleiluethmikuz_stock_11&#8243; sticky_enabled=&#8221;0&#8243;][\/et_pb_slide][\/et_pb_fullwidth_slider][\/et_pb_section][et_pb_section fb_built=&#8221;1&#8243; _builder_version=&#8221;4.16&#8243; custom_padding=&#8221;95px||90px|||&#8221; locked=&#8221;off&#8221; global_colors_info=&#8221;{}&#8221;][et_pb_row use_custom_gutter=&#8221;on&#8221; make_equal=&#8221;on&#8221; custom_padding_last_edited=&#8221;on|phone&#8221; _builder_version=&#8221;4.16&#8243; width=&#8221;90%&#8221; width_tablet=&#8221;90%&#8221; width_phone=&#8221;90%&#8221; width_last_edited=&#8221;on|desktop&#8221; max_width_tablet=&#8221;90%&#8221; max_width_phone=&#8221;90%&#8221; max_width_last_edited=&#8221;off|desktop&#8221; custom_padding=&#8221;0px||0px||false|false&#8221; custom_padding_tablet=&#8221;||40px||false|false&#8221; custom_padding_phone=&#8221;||40px||false|false&#8221; global_colors_info=&#8221;{}&#8221;][et_pb_column type=&#8221;4_4&#8243; _builder_version=&#8221;4.16&#8243; global_colors_info=&#8221;{}&#8221;][et_pb_text _builder_version=&#8221;4.27.0&#8243; text_font=&#8221;Poppins|900|||||||&#8221; text_text_color=&#8221;#333333&#8243; text_font_size=&#8221;40px&#8221; text_orientation=&#8221;right&#8221; custom_margin=&#8221;24px||||false|false&#8221; custom_margin_tablet=&#8221;-10px||||false|false&#8221; custom_margin_phone=&#8221;-15px||||false|false&#8221; custom_margin_last_edited=&#8221;on|phone&#8221; text_font_size_tablet=&#8221;&#8221; text_font_size_phone=&#8221;25px&#8221; text_font_size_last_edited=&#8221;on|phone&#8221; global_colors_info=&#8221;{}&#8221;]<\/p>\n<p>Contact Area<\/p>\n<p>[\/et_pb_text][\/et_pb_column][\/et_pb_row][et_pb_row column_structure=&#8221;3_5,2_5&#8243; use_custom_gutter=&#8221;on&#8221; make_equal=&#8221;on&#8221; _builder_version=&#8221;4.16&#8243; width=&#8221;90%&#8221; width_tablet=&#8221;90%&#8221; width_phone=&#8221;90%&#8221; width_last_edited=&#8221;on|desktop&#8221; max_width_tablet=&#8221;90%&#8221; max_width_phone=&#8221;90%&#8221; max_width_last_edited=&#8221;off|desktop&#8221; custom_padding=&#8221;0px||0px||false|false&#8221; global_colors_info=&#8221;{}&#8221;][et_pb_column type=&#8221;3_5&#8243; _builder_version=&#8221;4.16&#8243; global_colors_info=&#8221;{}&#8221;][et_pb_code disabled_on=&#8221;off|off|off&#8221; _builder_version=&#8221;4.25.0&#8243; animation_direction=&#8221;left&#8221; global_colors_info=&#8221;{}&#8221; z_index__hover_enabled=&#8221;on|hover&#8221; z_index__hover=&#8221;9999999999&#8243;]<iframe src=\"https:\/\/www.google.com\/maps\/embed?pb=!1m18!1m12!1m3!1d2707.4014116251547!2d11.391301976870434!3d47.26740717116078!2m3!1f0!2f0!3f0!3m2!1i1024!2i768!4f13.1!3m3!1m2!1s0x479d6b9f78af4463%3A0xd0fdfd3d6b2e2b8!2sRAe%20Dr.%20L%C3%BCth%2C%20Mag.%20Mikuz%20in%20Regiegemeinschaft%20RA%20Dr.%20Thaler!5e0!3m2!1sde!2sat!4v1715159169723!5m2!1sde!2sat\" width=\"600\" height=\"450\" style=\"border:0;\" allowfullscreen=\"\" loading=\"lazy\" referrerpolicy=\"no-referrer-when-downgrade\"><\/iframe>&#8220;[\/et_pb_code][\/et_pb_column][et_pb_column type=&#8221;2_5&#8243; _builder_version=&#8221;4.16&#8243; global_colors_info=&#8221;{}&#8221;][et_pb_text _builder_version=&#8221;4.27.0&#8243; text_font=&#8221;Roboto Condensed||||||||&#8221; text_text_color=&#8221;#7f7f7f&#8221; text_font_size=&#8221;15px&#8221; text_line_height=&#8221;1.8em&#8221; header_2_font=&#8221;Poppins|800|||||||&#8221; header_2_text_color=&#8221;#000000&#8243; header_2_font_size=&#8221;20px&#8221; background_color=&#8221;#ffffff&#8221; z_index=&#8221;999&#8243; custom_margin=&#8221;73px|||-150px|false|false&#8221; custom_margin_tablet=&#8221;40px|||0px|false|false&#8221; custom_margin_phone=&#8221;40px|||0px|false|false&#8221; custom_margin_last_edited=&#8221;on|phone&#8221; custom_padding=&#8221;80px|80px|80px|80px|true|true&#8221; custom_padding_tablet=&#8221;&#8221; custom_padding_phone=&#8221;40px|40px|40px|40px|true|true&#8221; custom_padding_last_edited=&#8221;on|phone&#8221; animation_direction=&#8221;right&#8221; box_shadow_style=&#8221;preset1&#8243; box_shadow_blur=&#8221;80px&#8221; box_shadow_color=&#8221;rgba(158,158,158,0.3)&#8221; global_colors_info=&#8221;{}&#8221;]<\/p>\n<h2>Email<\/h2>\n<p><a href=\"mailto:kanzlei.lueth-mikuz@aon.at\">kanzlei.lueth-mikuz@aon.at<\/a><\/p>\n<h2>Phone<\/h2>\n<p><a href=\"tel:+43-512\/56-50-20\">+43-512\/56-50-20<\/a><\/p>\n<h2>Adress<\/h2>\n<p>Herzog-Friedrich-Stra\u00dfe 39, 6020 Innsbruck<\/p>\n<p>[\/et_pb_text][\/et_pb_column][\/et_pb_row][\/et_pb_section]<\/p>\n","protected":false},"excerpt":{"rendered":"<p>Contact AreaEmail kanzlei.lueth-mikuz@aon.at Phone +43-512\/56-50-20 Adress Herzog-Friedrich-Stra\u00dfe 39, 6020 Innsbruck<\/p>\n","protected":false},"author":1,"featured_media":0,"parent":0,"menu_order":0,"comment_status":"closed","ping_status":"closed","template":"","meta":{"_et_pb_use_builder":"on","_et_pb_old_content":"<!-- wp:divi\/placeholder \/-->","_et_gb_content_width":"","footnotes":""},"class_list":["post-88133","page","type-page","status-publish","hentry"],"yoast_head":"<!-- This site is optimized with the Yoast SEO plugin v27.3 - https:\/\/yoast.com\/product\/yoast-seo-wordpress\/ -->\n<title>Contact - Kanzlei Innsbruck<\/title>\n<meta name=\"robots\" content=\"index, follow, max-snippet:-1, max-image-preview:large, max-video-preview:-1\" \/>\n<link rel=\"canonical\" href=\"https:\/\/kanzlei-innsbruck.at\/kontakt\" \/>\n<meta property=\"og:locale\" content=\"en_US\" \/>\n<meta property=\"og:type\" content=\"article\" \/>\n<meta property=\"og:title\" content=\"Contact - Kanzlei Innsbruck\" \/>\n<meta property=\"og:description\" content=\"Contact AreaEmail kanzlei.lueth-mikuz@aon.at Phone +43-512\/56-50-20 Adress Herzog-Friedrich-Stra\u00dfe 39, 6020 Innsbruck\" \/>\n<meta property=\"og:url\" content=\"https:\/\/kanzlei-innsbruck.at\/kontakt\" \/>\n<meta property=\"og:site_name\" content=\"Kanzlei Innsbruck\" \/>\n<meta property=\"article:modified_time\" content=\"2025-06-17T13:10:05+00:00\" \/>\n<meta property=\"og:image\" content=\"https:\/\/kanzlei-innsbruck.at\/wp-content\/uploads\/2024\/04\/kanzleiluethmikuz_stock_10-1-scaled.jpg\" \/>\n\t<meta property=\"og:image:width\" content=\"2560\" \/>\n\t<meta property=\"og:image:height\" content=\"1707\" \/>\n\t<meta property=\"og:image:type\" content=\"image\/jpeg\" \/>\n<meta name=\"twitter:card\" content=\"summary_large_image\" \/>\n<meta name=\"twitter:label1\" content=\"Est. reading time\" \/>\n\t<meta name=\"twitter:data1\" content=\"3 minutes\" \/>\n<script type=\"application\/ld+json\" class=\"yoast-schema-graph\">{\"@context\":\"https:\\\/\\\/schema.org\",\"@graph\":[{\"@type\":\"WebPage\",\"@id\":\"https:\\\/\\\/kanzlei-innsbruck.at\\\/kontakt\",\"url\":\"https:\\\/\\\/kanzlei-innsbruck.at\\\/kontakt\",\"name\":\"Contact - Kanzlei Innsbruck\",\"isPartOf\":{\"@id\":\"https:\\\/\\\/kanzlei-innsbruck.at\\\/#website\"},\"datePublished\":\"2024-03-19T09:31:57+00:00\",\"dateModified\":\"2025-06-17T13:10:05+00:00\",\"breadcrumb\":{\"@id\":\"https:\\\/\\\/kanzlei-innsbruck.at\\\/kontakt#breadcrumb\"},\"inLanguage\":\"en-US\",\"potentialAction\":[{\"@type\":\"ReadAction\",\"target\":[\"https:\\\/\\\/kanzlei-innsbruck.at\\\/kontakt\"]}]},{\"@type\":\"BreadcrumbList\",\"@id\":\"https:\\\/\\\/kanzlei-innsbruck.at\\\/kontakt#breadcrumb\",\"itemListElement\":[{\"@type\":\"ListItem\",\"position\":1,\"name\":\"Startseite\",\"item\":\"https:\\\/\\\/kanzlei-innsbruck.at\\\/\"},{\"@type\":\"ListItem\",\"position\":2,\"name\":\"Contact\"}]},{\"@type\":\"WebSite\",\"@id\":\"https:\\\/\\\/kanzlei-innsbruck.at\\\/#website\",\"url\":\"https:\\\/\\\/kanzlei-innsbruck.at\\\/\",\"name\":\"Kanzlei Innsbruck\",\"description\":\"Rechtsanw\u00e4lte in Verteidiger in Strafsachen\",\"publisher\":{\"@id\":\"https:\\\/\\\/kanzlei-innsbruck.at\\\/#organization\"},\"potentialAction\":[{\"@type\":\"SearchAction\",\"target\":{\"@type\":\"EntryPoint\",\"urlTemplate\":\"https:\\\/\\\/kanzlei-innsbruck.at\\\/?s={search_term_string}\"},\"query-input\":{\"@type\":\"PropertyValueSpecification\",\"valueRequired\":true,\"valueName\":\"search_term_string\"}}],\"inLanguage\":\"en-US\"},{\"@type\":\"Organization\",\"@id\":\"https:\\\/\\\/kanzlei-innsbruck.at\\\/#organization\",\"name\":\"Kanzlei Innsbruck\",\"url\":\"https:\\\/\\\/kanzlei-innsbruck.at\\\/\",\"logo\":{\"@type\":\"ImageObject\",\"inLanguage\":\"en-US\",\"@id\":\"https:\\\/\\\/kanzlei-innsbruck.at\\\/#\\\/schema\\\/logo\\\/image\\\/\",\"url\":\"https:\\\/\\\/kanzlei-innsbruck.at\\\/wp-content\\\/uploads\\\/2024\\\/03\\\/logo.jpg\",\"contentUrl\":\"https:\\\/\\\/kanzlei-innsbruck.at\\\/wp-content\\\/uploads\\\/2024\\\/03\\\/logo.jpg\",\"width\":314,\"height\":100,\"caption\":\"Kanzlei Innsbruck\"},\"image\":{\"@id\":\"https:\\\/\\\/kanzlei-innsbruck.at\\\/#\\\/schema\\\/logo\\\/image\\\/\"}}]}<\/script>\n<!-- \/ Yoast SEO plugin. -->","yoast_head_json":{"title":"Contact - Kanzlei Innsbruck","robots":{"index":"index","follow":"follow","max-snippet":"max-snippet:-1","max-image-preview":"max-image-preview:large","max-video-preview":"max-video-preview:-1"},"canonical":"https:\/\/kanzlei-innsbruck.at\/kontakt","og_locale":"en_US","og_type":"article","og_title":"Contact - Kanzlei Innsbruck","og_description":"Contact AreaEmail kanzlei.lueth-mikuz@aon.at Phone +43-512\/56-50-20 Adress Herzog-Friedrich-Stra\u00dfe 39, 6020 Innsbruck","og_url":"https:\/\/kanzlei-innsbruck.at\/kontakt","og_site_name":"Kanzlei Innsbruck","article_modified_time":"2025-06-17T13:10:05+00:00","og_image":[{"width":2560,"height":1707,"url":"https:\/\/kanzlei-innsbruck.at\/wp-content\/uploads\/2024\/04\/kanzleiluethmikuz_stock_10-1-scaled.jpg","type":"image\/jpeg"}],"twitter_card":"summary_large_image","twitter_misc":{"Est. reading time":"3 minutes"},"schema":{"@context":"https:\/\/schema.org","@graph":[{"@type":"WebPage","@id":"https:\/\/kanzlei-innsbruck.at\/kontakt","url":"https:\/\/kanzlei-innsbruck.at\/kontakt","name":"Contact - Kanzlei Innsbruck","isPartOf":{"@id":"https:\/\/kanzlei-innsbruck.at\/#website"},"datePublished":"2024-03-19T09:31:57+00:00","dateModified":"2025-06-17T13:10:05+00:00","breadcrumb":{"@id":"https:\/\/kanzlei-innsbruck.at\/kontakt#breadcrumb"},"inLanguage":"en-US","potentialAction":[{"@type":"ReadAction","target":["https:\/\/kanzlei-innsbruck.at\/kontakt"]}]},{"@type":"BreadcrumbList","@id":"https:\/\/kanzlei-innsbruck.at\/kontakt#breadcrumb","itemListElement":[{"@type":"ListItem","position":1,"name":"Startseite","item":"https:\/\/kanzlei-innsbruck.at\/"},{"@type":"ListItem","position":2,"name":"Contact"}]},{"@type":"WebSite","@id":"https:\/\/kanzlei-innsbruck.at\/#website","url":"https:\/\/kanzlei-innsbruck.at\/","name":"Kanzlei Innsbruck","description":"Rechtsanw\u00e4lte in Verteidiger in Strafsachen","publisher":{"@id":"https:\/\/kanzlei-innsbruck.at\/#organization"},"potentialAction":[{"@type":"SearchAction","target":{"@type":"EntryPoint","urlTemplate":"https:\/\/kanzlei-innsbruck.at\/?s={search_term_string}"},"query-input":{"@type":"PropertyValueSpecification","valueRequired":true,"valueName":"search_term_string"}}],"inLanguage":"en-US"},{"@type":"Organization","@id":"https:\/\/kanzlei-innsbruck.at\/#organization","name":"Kanzlei Innsbruck","url":"https:\/\/kanzlei-innsbruck.at\/","logo":{"@type":"ImageObject","inLanguage":"en-US","@id":"https:\/\/kanzlei-innsbruck.at\/#\/schema\/logo\/image\/","url":"https:\/\/kanzlei-innsbruck.at\/wp-content\/uploads\/2024\/03\/logo.jpg","contentUrl":"https:\/\/kanzlei-innsbruck.at\/wp-content\/uploads\/2024\/03\/logo.jpg","width":314,"height":100,"caption":"Kanzlei Innsbruck"},"image":{"@id":"https:\/\/kanzlei-innsbruck.at\/#\/schema\/logo\/image\/"}}]}},"_links":{"self":[{"href":"https:\/\/kanzlei-innsbruck.at\/en\/wp-json\/wp\/v2\/pages\/88133","targetHints":{"allow":["GET"]}}],"collection":[{"href":"https:\/\/kanzlei-innsbruck.at\/en\/wp-json\/wp\/v2\/pages"}],"about":[{"href":"https:\/\/kanzlei-innsbruck.at\/en\/wp-json\/wp\/v2\/types\/page"}],"author":[{"embeddable":true,"href":"https:\/\/kanzlei-innsbruck.at\/en\/wp-json\/wp\/v2\/users\/1"}],"replies":[{"embeddable":true,"href":"https:\/\/kanzlei-innsbruck.at\/en\/wp-json\/wp\/v2\/comments?post=88133"}],"version-history":[{"count":4,"href":"https:\/\/kanzlei-innsbruck.at\/en\/wp-json\/wp\/v2\/pages\/88133\/revisions"}],"predecessor-version":[{"id":88313,"href":"https:\/\/kanzlei-innsbruck.at\/en\/wp-json\/wp\/v2\/pages\/88133\/revisions\/88313"}],"wp:attachment":[{"href":"https:\/\/kanzlei-innsbruck.at\/en\/wp-json\/wp\/v2\/media?parent=88133"}],"curies":[{"name":"wp","href":"https:\/\/api.w.org\/{rel}","templated":true}]}}