{"id":88127,"date":"2024-03-19T12:16:06","date_gmt":"2024-03-19T12:16:06","guid":{"rendered":"https:\/\/kanzlei-innsbruck.at\/impressum"},"modified":"2025-05-12T07:14:49","modified_gmt":"2025-05-12T07:14:49","slug":"impressum","status":"publish","type":"page","link":"https:\/\/kanzlei-innsbruck.at\/en\/impressum","title":{"rendered":"Impressum"},"content":{"rendered":"<p>[et_pb_section fb_built=&#8221;1&#8243; _builder_version=&#8221;4.24.3&#8243; _module_preset=&#8221;default&#8221; global_colors_info=&#8221;{}&#8221;][et_pb_row _builder_version=&#8221;4.24.3&#8243; _module_preset=&#8221;default&#8221; locked=&#8221;off&#8221; global_colors_info=&#8221;{}&#8221;][et_pb_column type=&#8221;4_4&#8243; _builder_version=&#8221;4.24.3&#8243; _module_preset=&#8221;default&#8221; global_colors_info=&#8221;{}&#8221;][et_pb_text _builder_version=&#8221;4.27.0&#8243; _module_preset=&#8221;default&#8221; hover_enabled=&#8221;0&#8243; global_colors_info=&#8221;{}&#8221; sticky_enabled=&#8221;0&#8243;]<\/p>\n<div class=\"csc-header csc-header-n1\">\n<h1 class=\"csc-firstHeader\">IMPRESSUM<\/h1>\n<\/div>\n<div class=\"sectionpic\">\n<div class=\"csc-textpic-text\">\n<h2>Firmendaten und rechtliche Hinweise<\/h2>\n<p class=\"bodytext\"><b>Firmenname:<\/b><br \/>Rechtsanw\u00e4lte L\u00fcth &amp; Mikuz GsbR. Dr. Matthias L\u00fcth &amp; Mag. Michael Mikuz<\/p>\n<p class=\"bodytext\">Herzog-Friedrich-Str. 39 | 6020 Innsbruck | \u00d6STERREICH<br \/>T +43-512\/56-50-20 | F +43-512\/58-23-78<br \/><a href=\"mailto:kanzlei.lueth-mikuz@aon.at\">kanzlei.lueth-mikuz@aon.at<\/a>, <a href=\"https:\/\/www.kanzlei-innsbruck.at\/\" title=\"Rechtsanw\u00e4lte L\u00fcth &amp; Mikuz\" target=\"_blank\" class=\"external-link-new-window\" rel=\"noopener\">www.kanzlei-innsbruck.at<\/a><\/p>\n<p class=\"bodytext\"><b>DVR:<\/b> 3000190<\/p>\n<p class=\"bodytext\"><span><strong>UID-Nr.:<\/strong> RAe L\u00fcth &amp; Mikuz GesbR: ATU62169325<\/span><\/p>\n<p><b>Beh\u00f6rde gem. ECG (E-Commerce Gesetz):<\/b> Magistrat der Stadt Innsbruck<\/p>\n<p><b>Firmengericht:<\/b> Landesgericht Innsbruck<\/p>\n<p><b>Informationspflicht lt. E-Commerce-Gesetz:<\/b> <a href=\"https:\/\/www.wko.at\" target=\"_blank\" data-link-name=\"Wirtschaftskammer \u00d6sterreich\" title=\"Wirtschaftskammer \u00d6sterreich\" rel=\"noopener\">www.wko.at<\/a><\/p>\n<p class=\"bodytext\">Im Falle von Domainstreitigkeiten oder wettbewerbsrechtlichen oder \u00e4hnlichen Problemen bitten wir Sie, zur Vermeidung unn\u00f6tiger Rechtsstreite und Kosten, uns bereits im Vorfeld zu kontaktieren. Die Kostennote einer anwaltlichen Abmahnung ohne vorgehende Kontaktaufnahme mit uns wird im Sinne der Schadensminderungpflicht als unbegr\u00fcndet zur\u00fcckgewiesen.<\/p>\n<p class=\"bodytext\"><b>Informationspflicht zur Online-Streitbeilegung:<br \/><\/b>Die Europ\u00e4ische Kommission stellt eine Plattform f\u00fcr die au\u00dfergerichtliche Online-Streitbeilegung (OS-Plattform) bereit, die unter <a href=\"http:\/\/www.ec.europa.eu\/consumers\/odr\" target=\"_blank\" rel=\"noopener\">www.ec.europa.eu\/consumers\/odr<\/a> aufrufbar ist. Wir sind zur Teilnahme\u00a0am Streitschlichtungsverfahren verpflichtet.\u00a0Unsere E-Mail-Adresse finden Sie oben angef\u00fchrt. Eine Liste mit den Kontaktdaten der anerkannten Streitschlichtungsstellen finden Sie unter <a href=\"https:\/\/ec.europa.eu\/consumers\/odr\/main\/index.cfm?event=main.adr.show\" target=\"_blank\" rel=\"noopener\">https:\/\/ec.europa.eu\/consumers\/odr\/main\/index.cfm?event=main.adr.show<\/a>.<\/p>\n<div><\/div>\n<p class=\"bodytext\"><b>Design &amp; Entwicklung:<\/b><br \/><a href=\"https:\/\/www.invisions.at\/\" title=\"Invisions Marketingagentur e.U.\" target=\"_blank\" rel=\"noopener\">www.invisions.at<\/a><\/p>\n<\/div>\n<\/div>\n<p>[\/et_pb_text][\/et_pb_column][\/et_pb_row][\/et_pb_section]<\/p>\n","protected":false},"excerpt":{"rendered":"<p>IMPRESSUM Firmendaten und rechtliche Hinweise Firmenname:Rechtsanw\u00e4lte L\u00fcth &amp; Mikuz GsbR. Dr. Matthias L\u00fcth &amp; Mag. Michael Mikuz Herzog-Friedrich-Str. 39 | 6020 Innsbruck | \u00d6STERREICHT +43-512\/56-50-20 | F +43-512\/58-23-78kanzlei.lueth-mikuz@aon.at, www.kanzlei-innsbruck.at DVR: 3000190 UID-Nr.: RAe L\u00fcth &amp; Mikuz GesbR: ATU62169325 Beh\u00f6rde gem. ECG (E-Commerce Gesetz): Magistrat der Stadt Innsbruck Firmengericht: Landesgericht Innsbruck Informationspflicht lt. E-Commerce-Gesetz: www.wko.at Im [&hellip;]<\/p>\n","protected":false},"author":1,"featured_media":0,"parent":0,"menu_order":0,"comment_status":"closed","ping_status":"closed","template":"","meta":{"_et_pb_use_builder":"on","_et_pb_old_content":"<!-- wp:divi\/placeholder \/-->","_et_gb_content_width":"","footnotes":""},"class_list":["post-88127","page","type-page","status-publish","hentry"],"yoast_head":"<!-- This site is optimized with the Yoast SEO plugin v27.3 - https:\/\/yoast.com\/product\/yoast-seo-wordpress\/ -->\n<title>Impressum - Kanzlei Innsbruck<\/title>\n<meta name=\"robots\" content=\"index, follow, max-snippet:-1, max-image-preview:large, max-video-preview:-1\" \/>\n<link rel=\"canonical\" href=\"https:\/\/kanzlei-innsbruck.at\/impressum\" \/>\n<meta property=\"og:locale\" content=\"en_US\" \/>\n<meta property=\"og:type\" content=\"article\" \/>\n<meta property=\"og:title\" content=\"Impressum - Kanzlei Innsbruck\" \/>\n<meta property=\"og:description\" content=\"IMPRESSUM Firmendaten und rechtliche Hinweise Firmenname:Rechtsanw\u00e4lte L\u00fcth &amp; Mikuz GsbR. Dr. Matthias L\u00fcth &amp; Mag. Michael Mikuz Herzog-Friedrich-Str. 39 | 6020 Innsbruck | \u00d6STERREICHT +43-512\/56-50-20 | F +43-512\/58-23-78kanzlei.lueth-mikuz@aon.at, www.kanzlei-innsbruck.at DVR: 3000190 UID-Nr.: RAe L\u00fcth &amp; Mikuz GesbR: ATU62169325 Beh\u00f6rde gem. ECG (E-Commerce Gesetz): Magistrat der Stadt Innsbruck Firmengericht: Landesgericht Innsbruck Informationspflicht lt. E-Commerce-Gesetz: www.wko.at Im [&hellip;]\" \/>\n<meta property=\"og:url\" content=\"https:\/\/kanzlei-innsbruck.at\/impressum\" \/>\n<meta property=\"og:site_name\" content=\"Kanzlei Innsbruck\" \/>\n<meta property=\"article:modified_time\" content=\"2025-05-12T07:14:49+00:00\" \/>\n<meta property=\"og:image\" content=\"https:\/\/kanzlei-innsbruck.at\/wp-content\/uploads\/2024\/04\/kanzleiluethmikuz_stock_10-1-scaled.jpg\" \/>\n\t<meta property=\"og:image:width\" content=\"2560\" \/>\n\t<meta property=\"og:image:height\" content=\"1707\" \/>\n\t<meta property=\"og:image:type\" content=\"image\/jpeg\" \/>\n<meta name=\"twitter:card\" content=\"summary_large_image\" \/>\n<meta name=\"twitter:label1\" content=\"Est. reading time\" \/>\n\t<meta name=\"twitter:data1\" content=\"1 minute\" \/>\n<script type=\"application\/ld+json\" class=\"yoast-schema-graph\">{\"@context\":\"https:\\\/\\\/schema.org\",\"@graph\":[{\"@type\":\"WebPage\",\"@id\":\"https:\\\/\\\/kanzlei-innsbruck.at\\\/impressum\",\"url\":\"https:\\\/\\\/kanzlei-innsbruck.at\\\/impressum\",\"name\":\"Impressum - Kanzlei Innsbruck\",\"isPartOf\":{\"@id\":\"https:\\\/\\\/kanzlei-innsbruck.at\\\/#website\"},\"datePublished\":\"2024-03-19T12:16:06+00:00\",\"dateModified\":\"2025-05-12T07:14:49+00:00\",\"breadcrumb\":{\"@id\":\"https:\\\/\\\/kanzlei-innsbruck.at\\\/impressum#breadcrumb\"},\"inLanguage\":\"en-US\",\"potentialAction\":[{\"@type\":\"ReadAction\",\"target\":[\"https:\\\/\\\/kanzlei-innsbruck.at\\\/impressum\"]}]},{\"@type\":\"BreadcrumbList\",\"@id\":\"https:\\\/\\\/kanzlei-innsbruck.at\\\/impressum#breadcrumb\",\"itemListElement\":[{\"@type\":\"ListItem\",\"position\":1,\"name\":\"Startseite\",\"item\":\"https:\\\/\\\/kanzlei-innsbruck.at\\\/\"},{\"@type\":\"ListItem\",\"position\":2,\"name\":\"Impressum\"}]},{\"@type\":\"WebSite\",\"@id\":\"https:\\\/\\\/kanzlei-innsbruck.at\\\/#website\",\"url\":\"https:\\\/\\\/kanzlei-innsbruck.at\\\/\",\"name\":\"Kanzlei Innsbruck\",\"description\":\"Rechtsanw\u00e4lte in Verteidiger in Strafsachen\",\"publisher\":{\"@id\":\"https:\\\/\\\/kanzlei-innsbruck.at\\\/#organization\"},\"potentialAction\":[{\"@type\":\"SearchAction\",\"target\":{\"@type\":\"EntryPoint\",\"urlTemplate\":\"https:\\\/\\\/kanzlei-innsbruck.at\\\/?s={search_term_string}\"},\"query-input\":{\"@type\":\"PropertyValueSpecification\",\"valueRequired\":true,\"valueName\":\"search_term_string\"}}],\"inLanguage\":\"en-US\"},{\"@type\":\"Organization\",\"@id\":\"https:\\\/\\\/kanzlei-innsbruck.at\\\/#organization\",\"name\":\"Kanzlei Innsbruck\",\"url\":\"https:\\\/\\\/kanzlei-innsbruck.at\\\/\",\"logo\":{\"@type\":\"ImageObject\",\"inLanguage\":\"en-US\",\"@id\":\"https:\\\/\\\/kanzlei-innsbruck.at\\\/#\\\/schema\\\/logo\\\/image\\\/\",\"url\":\"https:\\\/\\\/kanzlei-innsbruck.at\\\/wp-content\\\/uploads\\\/2024\\\/03\\\/logo.jpg\",\"contentUrl\":\"https:\\\/\\\/kanzlei-innsbruck.at\\\/wp-content\\\/uploads\\\/2024\\\/03\\\/logo.jpg\",\"width\":314,\"height\":100,\"caption\":\"Kanzlei Innsbruck\"},\"image\":{\"@id\":\"https:\\\/\\\/kanzlei-innsbruck.at\\\/#\\\/schema\\\/logo\\\/image\\\/\"}}]}<\/script>\n<!-- \/ Yoast SEO plugin. -->","yoast_head_json":{"title":"Impressum - Kanzlei Innsbruck","robots":{"index":"index","follow":"follow","max-snippet":"max-snippet:-1","max-image-preview":"max-image-preview:large","max-video-preview":"max-video-preview:-1"},"canonical":"https:\/\/kanzlei-innsbruck.at\/impressum","og_locale":"en_US","og_type":"article","og_title":"Impressum - Kanzlei Innsbruck","og_description":"IMPRESSUM Firmendaten und rechtliche Hinweise Firmenname:Rechtsanw\u00e4lte L\u00fcth &amp; Mikuz GsbR. Dr. Matthias L\u00fcth &amp; Mag. Michael Mikuz Herzog-Friedrich-Str. 39 | 6020 Innsbruck | \u00d6STERREICHT +43-512\/56-50-20 | F +43-512\/58-23-78kanzlei.lueth-mikuz@aon.at, www.kanzlei-innsbruck.at DVR: 3000190 UID-Nr.: RAe L\u00fcth &amp; Mikuz GesbR: ATU62169325 Beh\u00f6rde gem. ECG (E-Commerce Gesetz): Magistrat der Stadt Innsbruck Firmengericht: Landesgericht Innsbruck Informationspflicht lt. E-Commerce-Gesetz: www.wko.at Im [&hellip;]","og_url":"https:\/\/kanzlei-innsbruck.at\/impressum","og_site_name":"Kanzlei Innsbruck","article_modified_time":"2025-05-12T07:14:49+00:00","og_image":[{"width":2560,"height":1707,"url":"https:\/\/kanzlei-innsbruck.at\/wp-content\/uploads\/2024\/04\/kanzleiluethmikuz_stock_10-1-scaled.jpg","type":"image\/jpeg"}],"twitter_card":"summary_large_image","twitter_misc":{"Est. reading time":"1 minute"},"schema":{"@context":"https:\/\/schema.org","@graph":[{"@type":"WebPage","@id":"https:\/\/kanzlei-innsbruck.at\/impressum","url":"https:\/\/kanzlei-innsbruck.at\/impressum","name":"Impressum - Kanzlei Innsbruck","isPartOf":{"@id":"https:\/\/kanzlei-innsbruck.at\/#website"},"datePublished":"2024-03-19T12:16:06+00:00","dateModified":"2025-05-12T07:14:49+00:00","breadcrumb":{"@id":"https:\/\/kanzlei-innsbruck.at\/impressum#breadcrumb"},"inLanguage":"en-US","potentialAction":[{"@type":"ReadAction","target":["https:\/\/kanzlei-innsbruck.at\/impressum"]}]},{"@type":"BreadcrumbList","@id":"https:\/\/kanzlei-innsbruck.at\/impressum#breadcrumb","itemListElement":[{"@type":"ListItem","position":1,"name":"Startseite","item":"https:\/\/kanzlei-innsbruck.at\/"},{"@type":"ListItem","position":2,"name":"Impressum"}]},{"@type":"WebSite","@id":"https:\/\/kanzlei-innsbruck.at\/#website","url":"https:\/\/kanzlei-innsbruck.at\/","name":"Kanzlei Innsbruck","description":"Rechtsanw\u00e4lte in Verteidiger in Strafsachen","publisher":{"@id":"https:\/\/kanzlei-innsbruck.at\/#organization"},"potentialAction":[{"@type":"SearchAction","target":{"@type":"EntryPoint","urlTemplate":"https:\/\/kanzlei-innsbruck.at\/?s={search_term_string}"},"query-input":{"@type":"PropertyValueSpecification","valueRequired":true,"valueName":"search_term_string"}}],"inLanguage":"en-US"},{"@type":"Organization","@id":"https:\/\/kanzlei-innsbruck.at\/#organization","name":"Kanzlei Innsbruck","url":"https:\/\/kanzlei-innsbruck.at\/","logo":{"@type":"ImageObject","inLanguage":"en-US","@id":"https:\/\/kanzlei-innsbruck.at\/#\/schema\/logo\/image\/","url":"https:\/\/kanzlei-innsbruck.at\/wp-content\/uploads\/2024\/03\/logo.jpg","contentUrl":"https:\/\/kanzlei-innsbruck.at\/wp-content\/uploads\/2024\/03\/logo.jpg","width":314,"height":100,"caption":"Kanzlei Innsbruck"},"image":{"@id":"https:\/\/kanzlei-innsbruck.at\/#\/schema\/logo\/image\/"}}]}},"_links":{"self":[{"href":"https:\/\/kanzlei-innsbruck.at\/en\/wp-json\/wp\/v2\/pages\/88127","targetHints":{"allow":["GET"]}}],"collection":[{"href":"https:\/\/kanzlei-innsbruck.at\/en\/wp-json\/wp\/v2\/pages"}],"about":[{"href":"https:\/\/kanzlei-innsbruck.at\/en\/wp-json\/wp\/v2\/types\/page"}],"author":[{"embeddable":true,"href":"https:\/\/kanzlei-innsbruck.at\/en\/wp-json\/wp\/v2\/users\/1"}],"replies":[{"embeddable":true,"href":"https:\/\/kanzlei-innsbruck.at\/en\/wp-json\/wp\/v2\/comments?post=88127"}],"version-history":[{"count":1,"href":"https:\/\/kanzlei-innsbruck.at\/en\/wp-json\/wp\/v2\/pages\/88127\/revisions"}],"predecessor-version":[{"id":88276,"href":"https:\/\/kanzlei-innsbruck.at\/en\/wp-json\/wp\/v2\/pages\/88127\/revisions\/88276"}],"wp:attachment":[{"href":"https:\/\/kanzlei-innsbruck.at\/en\/wp-json\/wp\/v2\/media?parent=88127"}],"curies":[{"name":"wp","href":"https:\/\/api.w.org\/{rel}","templated":true}]}}