{"id":88125,"date":"2024-03-19T12:16:15","date_gmt":"2024-03-19T12:16:15","guid":{"rendered":"https:\/\/kanzlei-innsbruck.at\/datenschutz"},"modified":"2024-03-19T12:16:15","modified_gmt":"2024-03-19T12:16:15","slug":"datenschutz","status":"publish","type":"page","link":"https:\/\/kanzlei-innsbruck.at\/en\/datenschutz","title":{"rendered":"Datenschutz"},"content":{"rendered":"<p>[et_pb_section fb_built=&#8221;1&#8243; theme_builder_area=&#8221;post_content&#8221; _builder_version=&#8221;4.24.3&#8243; _module_preset=&#8221;default&#8221;][et_pb_row _builder_version=&#8221;4.24.3&#8243; _module_preset=&#8221;default&#8221; theme_builder_area=&#8221;post_content&#8221;][et_pb_column _builder_version=&#8221;4.24.3&#8243; _module_preset=&#8221;default&#8221; type=&#8221;4_4&#8243; theme_builder_area=&#8221;post_content&#8221;][et_pb_text _builder_version=&#8221;4.24.3&#8243; _module_preset=&#8221;default&#8221; theme_builder_area=&#8221;post_content&#8221; hover_enabled=&#8221;0&#8243; sticky_enabled=&#8221;0&#8243;]<\/p>\n<div class=\"anwaelte\">\n<div class=\"csc-header csc-header-n1\">\n<h1 class=\"csc-firstHeader\">DATENSCHUTZERKL\u00c4RUNG<\/h1>\n<\/div>\n<h2>1. Geltungsbereich und Anwendbarkeit\u00a0<\/h2>\n<p class=\"bodytext\">Rechtsanw\u00e4lte L\u00fcth &amp; Mikuz GsbR. Dr. Matthias L\u00fcth &#8211; Mag. Michael Mikuz (im Folgenden &#8220;das Unternehmen&#8221;), besitzt und betreibt diese Website (im Folgenden &#8220;Website&#8221;).\u00a0 Diese Datenschutzrichtlinie (die &#8220;Datenschutzerkl\u00e4rung&#8221;) legt fest, wie das Unternehmen alle Informationen verwendet und sch\u00fctzt, die Sie (der &#8220;Nutzer&#8221;) der Firma zur Verf\u00fcgung stellen, wenn Sie diese Website nutzen. Sie gilt im Zusammenhang mit den Nutzungsbedingungen der Website (die &#8220;Nutzungsbedingungen&#8221;).\u00a0 Das Unternehmen beh\u00e4lt sich das Recht vor, diese Datenschutzerkl\u00e4rung jederzeit ohne Vorank\u00fcndigung zu \u00e4ndern. Es gilt nur die aktuelle Datenschutzerkl\u00e4rung.<\/p>\n<h2>2. Daten, die das Unternehmen vom Nutzer erhebt\u00a0<\/h2>\n<p class=\"bodytext\"><b>2.1 Allgemeines<\/b>\u00a0<br \/>W\u00e4hrend der Nutzung der Website durch den Nutzer sammelt das Unternehmen bestimmte Daten vom Benutzer und verwendet diese Daten f\u00fcr unterschiedliche Zwecke. Die Art der vom Unternehmen erhobenen Daten und die Nutzung solcher Daten durch das Unternehmen h\u00e4ngen von den jeweiligen Daten ab. In dieser Hinsicht unterscheidet diese Datenschutzerkl\u00e4rung zwischen den folgenden Kategorien von Daten (alles wie in dieser Datenschutzerkl\u00e4rung beschrieben, siehe unten f\u00fcr weitere Informationen dar\u00fcber, welche Daten gesammelt werden und wie diese Daten verwendet werden):<\/p>\n<ul>\n<li>Anonyme Daten<\/li>\n<li>Protokolldaten<\/li>\n<li>Pers\u00f6nliche Daten<\/li>\n<\/ul>\n<p class=\"bodytext\"><b>2.2 Anonyme Daten<\/b>\u00a0 <br \/>Zu den vom Unternehmen erfassten anonymen Daten geh\u00f6ren folgende (&#8220;anonyme Daten&#8221;):<\/p>\n<ul>\n<li>Der Browsertyp und die Version<\/li>\n<li>Allgemeine Informationen zum Betriebssystem<\/li>\n<li>Das aktuelle Datum und die Uhrzeit\u00a0<\/li>\n<\/ul>\n<p class=\"bodytext\"><b>2.3 Protokolldaten<\/b>\u00a0 <br \/>Jedes Mal, wenn auf die Website zugegriffen wird (einschlie\u00dflich jedes Mal, wenn ein Button geklickt oder eine Anfrage abgeschickt wird), werden Daten, die sich auf einen solchen Zugriff durch den Benutzer beziehen, in einer Protokolldatei gespeichert (die &#8220;Protokolldaten&#8221;). <br \/>Die Protokolldaten beinhalten insbesondere:<\/p>\n<ul>\n<li>Site, von der die aufgerufene Datei vom Benutzer angefordert wurde<\/li>\n<li>Name der angeforderten Datei<\/li>\n<li>Datum und Uhrzeit der Anfrage<\/li>\n<li>\u00fcbertragene Datenmenge<\/li>\n<li>Status des Zugriffs (z. B. Datei \u00fcbertragen, Datei nicht gefunden usw.)<\/li>\n<li>IP-Adressdaten<\/li>\n<\/ul>\n<p class=\"bodytext\"><b>2.4 Pers\u00f6nliche Daten<\/b>\u00a0 <br \/>Das Unternehmen sammelt pers\u00f6nliche Daten des Nutzers, das sind Informationen, die es dem Unternehmen erlauben, den Nutzer zu identifizieren. Die Erhebung solcher personenbezogener Daten durch den Nutzer beschr\u00e4nkt sich auf Daten, die der Nutzer dem Unternehmen freiwillig zur Verf\u00fcgung gestellt hat, indem er diese Daten in die entsprechenden Eingabefelder auf der Website eingegeben hat, und Daten zu den Interessen und Pr\u00e4ferenzen des Nutzers, resultierend aus den erfassten Aktivit\u00e4ten auf der Website (zusammen &#8220;personenbezogene Daten&#8221;). Diese personenbezogenen Daten umfassen insbesondere:<\/p>\n<ul>\n<li>Vorname<\/li>\n<li>Nachname<\/li>\n<li>Adresse<\/li>\n<li>E-Mailadresse<\/li>\n<li>Unternehmen<\/li>\n<li>Land<\/li>\n<li>Sprache<\/li>\n<li>Telefon-Nr.<\/li>\n<\/ul>\n<h2>3. Verwendung der erfassten Daten durch das Unternehmen\u00a0<\/h2>\n<p class=\"bodytext\"><b>3.1 Anonyme Daten<\/b>\u00a0\u00a0<br \/>Die anonymen Daten werden ausschlie\u00dflich zur anonymisierten Analyse der Website-Nutzung und f\u00fcr verwandte statistische Zwecke verwendet. \u00a0<\/p>\n<p class=\"bodytext\"><b>3.2. Protokolldaten<\/b><br \/>Logdaten werden ausschlie\u00dflich f\u00fcr den Betrieb der Website verwendet. Das Unternehmen beh\u00e4lt sich die Verwendung von anonymisierten Protokolldaten gem\u00e4\u00df dieser Datenschutzerkl\u00e4rung vor.<\/p>\n<p><b>3.3. Pers\u00f6nliche Daten<\/b><br \/>Das Unternehmen verwendet die personenbezogenen Daten zu folgenden Zwecken:<\/p>\n<ul>\n<li>Kontaktaufnahme mit dem Benutzer aufgrund und basierend auf der Anfrage des Benutzers.<\/li>\n<li>Anpassung der Website und Produkte (einschlie\u00dflich der Auswahl von Werbeanzeigen, die dem Nutzer auf der Website und anderswo angezeigt werden) entsprechend der Interessen und Vorlieben des Nutzers.\u00a0<\/li>\n<li>Allgemeine Verbesserung der Produkte und Dienstleistungen des Unternehmens.\u00a0<\/li>\n<li>Das Unternehmen kann Werbe-E-Mails \u00fcber neue Produkte, Sonderangebote oder andere Informationen senden, die das Unternehmen aufgrund seiner Nutzung der Website durch die E-Mail-Adresse und andere vom Nutzer angegebene Kontaktdaten f\u00fcr interessant h\u00e4lt.\u00a0<\/li>\n<li>Von Zeit zu Zeit kann das Unternehmen die pers\u00f6nlichen Daten verwenden, um den Benutzer zu Marktforschungszwecken zu kontaktieren.\u00a0<\/li>\n<li>Interne Aufzeichnungen.<\/li>\n<\/ul>\n<p class=\"bodytext\">Das Unternehmen verwendet die personenbezogenen Daten nur gem\u00e4\u00df dieser Datenschutzerkl\u00e4rung. Das Unternehmen beh\u00e4lt sich jedoch das Recht vor, die personenbezogenen Daten f\u00fcr andere Zwecke zu nutzen, vorausgesetzt, diese Nutzung f\u00fcr andere Zwecke ist gesetzlich vorgeschrieben oder zul\u00e4ssig. <\/p>\n<p>Wenn der Benutzer nicht w\u00fcnscht, dass pers\u00f6nliche Daten vom Unternehmen f\u00fcr Marketingzwecke verwendet werden, kann der Nutzer das Unternehmen jederzeit dar\u00fcber informieren und das Unternehmen wird dann die Verwendung der personenbezogenen Daten f\u00fcr diese Zwecke einstellen.<\/p>\n<h2>4. Kontrolle personenbezogener Daten\u00a0<\/h2>\n<p class=\"bodytext\">Der Nutzer hat das Recht, Informationen dar\u00fcber zu erhalten, welche personenbezogenen Daten das Unternehmen in Bezug auf diesen Benutzer gespeichert hat. Der Nutzer kann auch beantragen, dass solche personenbezogenen Daten korrigiert oder gel\u00f6scht werden, und der Nutzer kann sich jederzeit f\u00fcr die im Rahmen der Datenschutzerkl\u00e4rung beschriebenen Verwendungszwecke von personenbezogenen Daten abmelden. Anfragen:\u00a0<a href=\"mailto:kanzlei.lueth-mikuz@aon.at\" title=\"kanzlei.lueth-mikuz@aon.at\">kanzlei.lueth-mikuz@aon.at<\/a><\/p>\n<h2>5. Analysesoftware\u00a0<\/h2>\n<p class=\"bodytext\"><b>5.1. Allgemein<\/b><br \/>Die Website verwendet die Analysesoftware Google Analytics. <\/p>\n<p><b>5.1.1 Google Analytics<\/b><br \/>Dabei handelt es sich um einen Webanalysedienst der Google Inc. (&#8220;Google&#8221;). Google Analytics verwendet Cookies (siehe unten f\u00fcr weitere Informationen zu Cookies).\u00a0 Die durch den Cookie erzeugten Informationen \u00fcber Ihre Benutzung dieser Website (einschlie\u00dflich der IP-Adresse des Nutzers) werden an einen Server von Google in den USA \u00fcbertragen und dort gespeichert. Google anonymisiert dabei den individuellen Teil der IP-Adresse. Nur in Ausnahmef\u00e4llen wird die vollst\u00e4ndige IP-Adresse an die Google-Server in den USA \u00fcbermittelt und von diesen gek\u00fcrzt.\u00a0 <\/p>\n<p>Google verwendet diese Informationen im Namen des Unternehmens um<\/p>\n<ul>\n<li>die Nutzung der Website durch die Nutzer zu bewerten,<\/li>\n<li>Berichte \u00fcber die Website-Aktivit\u00e4ten f\u00fcr das Unternehmen zusammenzustellen und\u00a0<\/li>\n<li>andere Dienste in Bezug auf die Website-Aktivit\u00e4ten und die Internetnutzung f\u00fcr das Unternehmen bereitzustellen.<\/li>\n<\/ul>\n<p class=\"bodytext\">Das Unternehmen kann die von ihm verwendete Analysesoftware jederzeit \u00e4ndern. Solche \u00c4nderungen werden zu gegebener Zeit in die Datenschutzerkl\u00e4rung aufgenommen.<\/p>\n<p><b>5.2 Deaktivierung Google Analytics<br \/><\/b>Um Besuchern der Website mehr Auswahlm\u00f6glichkeiten hinsichtlich der Erfassung ihrer Daten durch Google Analytics zu bieten, hat Google das Google Analytics-Browser-Add-On entwickelt. Das Add-On kommuniziert mit dem Google Analytics-JavaScript (ga.js), um anzugeben, dass Informationen \u00fcber den Website-Besuch nicht an Google Analytics gesendet werden sollen.<\/p>\n<p class=\"bodytext\">Das Google Analytics-Browser-Add-On verhindert nicht, dass Informationen an die Website gesendet werden.\u00a0<a href=\"https:\/\/tools.google.com\/dlpage\/gaoptout?hl=de\" rel=\"nofollow noopener\" target=\"_self\" title=\"https:\/\/tools.google.com\/dlpage\/gaoptout?hl=de\">Deaktivierung von Google Analytics.<\/a><\/p>\n<h2>6. Inhalte und Dienste anderer Anbieter\u00a0<\/h2>\n<p class=\"bodytext\"><b>6.1. Allgemein<br \/><\/b>Die Website kann Inhalte von Drittanbietern wie Grafiken anderer Websites nutzen. Dies impliziert, dass die Drittanbieter eines solchen Inhalts die IP-Adresse des Benutzers erkennen k\u00f6nnen, da die IP-Adresse f\u00fcr die \u00dcbertragung der zugeh\u00f6rigen Daten an den Browser des Benutzers erforderlich ist. Das Unternehmen ist nach bestem Wissen bem\u00fcht sicherzustellen, dass nur solche Dienste von Drittanbietern zum Einsatz kommen die IP-Adressen der Nutzer ausschlie\u00dflich f\u00fcr die korrekte Darstellung ihrer Inhalte verwenden. Das Unternehmen kann jedoch nicht verhindern, dass der Drittanbieter die IP-Adresse f\u00fcr andere Zwecke verwendet.<\/p>\n<h2>7. Links zu anderen Websites\u00a0<\/h2>\n<p class=\"bodytext\">Die Website kann Links zu anderen interessanten Websites enthalten. Diese Datenschutzerkl\u00e4rung gilt f\u00fcr diese Website, jedoch nicht f\u00fcr (externe) verlinkte Websites, die im Besitz von Dritten sind und \/ oder von Dritten betrieben werden. Sobald der Nutzer diese Links verwendet und die Website verl\u00e4sst, hat das Unternehmen keine Kontrolle \u00fcber diese andere Website. Obwohl das Unternehmen sich nach besten Kr\u00e4ften bem\u00fcht, sicherzustellen, dass solche Websites nur h\u00f6chsten Standards entsprechen, ist das Unternehmen nicht f\u00fcr den Schutz und die Privatsph\u00e4re von Informationen verantwortlich, die der Nutzer beim Besuch solcher Websites vorfindet. Der Benutzer sollte Vorsicht walten lassen und die Datenschutzerkl\u00e4rung der betreffenden Websites einsehen.<\/p>\n<h2>8. Datenspeicherung<\/h2>\n<p class=\"bodytext\">Das Unternehmen speichert die personenbezogenen Daten auf einem Server in \u00d6sterreich.<\/p>\n<h2>9. Cookies<\/h2>\n<p class=\"bodytext\"><b>Cookie-Richtlinien<\/b><\/p>\n<p class=\"bodytext\">Wir verwenden Cookies f\u00fcr eine bestm\u00f6gliche Nutzererfahrung. Durch die Nutzung unserer Internetseite erkl\u00e4ren Sie sich damit einverstanden, dass wir Cookies auf Ihrem Ger\u00e4t speichern.<\/p>\n<p class=\"bodytext\">Die EU-Richtlinie 2009\/136\/EG (E-Privacy) regelt die Verwendung von Cookies auf Webseiten. Diese wurde am 25. Mai 2012 in Italien umgesetzt.<\/p>\n<p class=\"bodytext\"><b>9.1 Was sind Cookies?<\/b><\/p>\n<p class=\"bodytext\">Ein Cookie ist ein kurzes Text-Schnipsel, das von einer von Ihnen besuchten Website an Ihren Browser gesendet wird. Es speichert Informationen zu Ihrem letzten Besuch, wie beispielsweise Ihre bevorzugte Sprache oder andere Einstellungen. Cookies werden in haupts\u00e4chlich zwei Gruppen unterteilt:<\/p>\n<p class=\"bodytext\"><b>Technische Cookies:<\/b><\/p>\n<p class=\"bodytext\">Diese beinhalten Daten, um die Funktionsweise der Website und die vom Nutzer angeforderten Dienste zu erm\u00f6glichen wie z.B. Navigation oder Anmeldefunktionen. Ohne diese Cookies sind Teile der Website nicht korrekt funktionsf\u00e4hig.<\/p>\n<p class=\"bodytext\"><b>Profilierungs-Cookies:<\/b><\/p>\n<p class=\"bodytext\">Diese dienen dazu, die Navigation des Nutzers im Internet aufzuzeichnen und ein Profil \u00fcber die Interessen, Gewohnheiten und Entscheidungen des Nutzers zu erstellen. Solche Cookies k\u00f6nnen dazu verwendet werden, um Werbung oder Produkte anzuzeigen, die Sie interessieren k\u00f6nnten.<\/p>\n<p class=\"bodytext\"><b>9.2 Wie verwenden wir Cookies?<\/b><\/p>\n<p class=\"bodytext\">Wir verwenden Cookies um eine bestm\u00f6gliche Nutzererfahrung zu gew\u00e4hrleisten. Au\u00dferdem werden Dienste von Dritten verwendet, um zu ermitteln wie Sie durch unsere Website navigieren und f\u00fcr welche Inhalte Sie sich interessieren. Auch diese Dienste speichern Cookies auf Ihrem Ger\u00e4t.<\/p>\n<p class=\"bodytext\"><b>9.3 Wie kann ich die Speicherung von Cookies unterbinden? <\/b><\/p>\n<p class=\"bodytext\">Sie k\u00f6nnen Cookies anhand Ihrer Browsereinstellungen deaktivieren oder l\u00f6schen. Das Deaktivieren der Cookies kann dazu f\u00fchren, dass einige Webseiten nicht mehr wie gew\u00fcnscht funktionieren.<\/p>\n<p class=\"bodytext\">So finden Sie die entsprechenden Browsereinstellungen:<\/p>\n<p class=\"bodytext\"><b>Internet Explorer:<\/b><\/p>\n<ol>\n<li>\u00d6ffnen Sie den Internet Explorer.<\/li>\n<li>Klicken Sie auf die Schaltfl\u00e4che Extras und dann auf Internetoptionen.<\/li>\n<li>Klicken Sie auf die Registerkarte Datenschutz.<\/li>\n<\/ol>\n<p class=\"bodytext\"><b>Mozilla Firefox:<\/b><\/p>\n<ol>\n<li>\u00d6ffnen Sie den Mozilla Firefox.<\/li>\n<li>Klicken Sie auf das Men\u00fcsymbol und w\u00e4hlen Sie Einstellungen.<\/li>\n<li>\u00d6ffnen Sie den Abschnitt Datenschutz.<\/li>\n<li>W\u00e4hlen Sie bei &#8220;Firefox wird eine Chronik:&#8221; folgendes aus: &#8220;nach benutzerdefinierten Einstellungen anlegen&#8221;.<\/li>\n<\/ol>\n<p class=\"bodytext\"><b>Google Chrome:<\/b><\/p>\n<ol>\n<li>\u00d6ffnen Sie Google Chrome.<\/li>\n<li>Klicken Sie auf das Men\u00fcsymbol und w\u00e4hlen Sie Einstellungen.<\/li>\n<li>Klicken Sie auf &#8220;Erweiterte Einstellungen anzeigen&#8221;.<\/li>\n<li>W\u00e4hlen Sie im Abschnitt &#8220;Datenschutz&#8221; die Option Inhaltseinstellungen aus.<\/li>\n<\/ol>\n<p class=\"bodytext\">Au\u00dferdem bietet die European Interactive Digital Advertising Alliance unter\u00a0www.youronlinechoices.eu\u00a0die M\u00f6glichkeit nicht technische Cookies von Dritten zu deaktivieren.<\/p>\n<p class=\"bodytext\"><b>9.4 Eingesetzte Cookies<\/b>\u00a0<br \/>Auf dieser Website werden Cookies verwendet:<\/p>\n<p class=\"bodytext\"><b>9.4.1 Google Analytics-Cookies<br \/><\/b>Wie oben erw\u00e4hnt, sammelt das Unternehmen standardm\u00e4\u00dfige Internetprotokollinformationen und Details zu Verhaltensmustern von Besuchern mithilfe von Google Analytics-Cookies. Das Unternehmen tut dies, um die Website fortw\u00e4hrend zu verbessern. Diese Informationen umfassen keine personenbezogenen Daten. Daten, die f\u00fcr Analysezwecke verwendet werden, k\u00f6nnen jedoch mit personenbezogenen Daten verkn\u00fcpft werden, die von dieser Website oder andererorts erfasst werden. Weitere Informationen zu <a href=\"https:\/\/developers.google.com\/analytics\/devguides\/collection\/analyticsjs\/cookie-usage\" title=\"https:\/\/developers.google.com\/analytics\/devguides\/collection\/analyticsjs\/cookie-usage\" target=\"_self\" rel=\"noopener\">Google Analytics-Cookies<\/a>.<\/p>\n<\/div>\n<div id=\"c31\" class=\"csc-default\">\n<p><a>\u00bb Hier Google Analytics deaktivieren<\/a><\/p>\n<\/div>\n<div id=\"c30\" class=\"csc-default\">\n<h2>10. Sicherheit und Vertraulichkeit\u00a0<\/h2>\n<p class=\"bodytext\">Das Unternehmen ergreift angemessene Ma\u00dfnahmen, um die personenbezogenen Daten des Nutzers vor Verlust, Missbrauch, unbefugtem Zugriff und Offenlegung zu sch\u00fctzen. Zu diesen Ma\u00dfnahmen geh\u00f6rt die Nutzung von Netzwerken, die durch Firewalls und Passw\u00f6rter im Einklang mit g\u00e4ngigen Sicherheitsstandards gesichert werden. Als \u00d6sterreichisches Unternehmen unterliegt Rechtsanw\u00e4lte L\u00fcth &amp; Mikuz GsbR. Dr. Matthias L\u00fcth &#8211; Mag. Michael Mikuz\u00a0dem \u00d6sterreichsichen Datenschutzrecht und ist als solches verpflichtet, die Daten der Nutzer zu sch\u00fctzen.<\/p>\n<h2>11. Kontaktdaten\u00a0<\/h2>\n<p class=\"bodytext\">Bei Fragen bez\u00fcglich der Nutzung Ihrer personenbezogenen Daten durch das Unternehmen k\u00f6nnen Sie sich an das Unternehmen wenden:\u00a0<a href=\"mailto:kanzlei.lueth-mikuz@aon.at\" title=\"kanzlei.lueth-mikuz@aon.at\">kanzlei.lueth-mikuz@aon.at<\/a>.<\/p>\n<\/div>\n<p>[\/et_pb_text][\/et_pb_column][\/et_pb_row][\/et_pb_section]<\/p>\n","protected":false},"excerpt":{"rendered":"<p>DATENSCHUTZERKL\u00c4RUNG 1. Geltungsbereich und Anwendbarkeit\u00a0 Rechtsanw\u00e4lte L\u00fcth &amp; Mikuz GsbR. Dr. Matthias L\u00fcth &#8211; Mag. Michael Mikuz (im Folgenden &#8220;das Unternehmen&#8221;), besitzt und betreibt diese Website (im Folgenden &#8220;Website&#8221;).\u00a0 Diese Datenschutzrichtlinie (die &#8220;Datenschutzerkl\u00e4rung&#8221;) legt fest, wie das Unternehmen alle Informationen verwendet und sch\u00fctzt, die Sie (der &#8220;Nutzer&#8221;) der Firma zur Verf\u00fcgung stellen, wenn Sie diese [&hellip;]<\/p>\n","protected":false},"author":1,"featured_media":0,"parent":0,"menu_order":0,"comment_status":"closed","ping_status":"closed","template":"","meta":{"_et_pb_use_builder":"on","_et_pb_old_content":"<!-- wp:divi\/placeholder \/-->","_et_gb_content_width":"","footnotes":""},"class_list":["post-88125","page","type-page","status-publish","hentry"],"yoast_head":"<!-- This site is optimized with the Yoast SEO plugin v27.3 - https:\/\/yoast.com\/product\/yoast-seo-wordpress\/ -->\n<title>Datenschutz - Kanzlei Innsbruck<\/title>\n<meta name=\"robots\" content=\"index, follow, max-snippet:-1, max-image-preview:large, max-video-preview:-1\" \/>\n<link rel=\"canonical\" href=\"https:\/\/kanzlei-innsbruck.at\/datenschutz\" \/>\n<meta property=\"og:locale\" content=\"en_US\" \/>\n<meta property=\"og:type\" content=\"article\" \/>\n<meta property=\"og:title\" content=\"Datenschutz - Kanzlei Innsbruck\" \/>\n<meta property=\"og:description\" content=\"DATENSCHUTZERKL\u00c4RUNG 1. Geltungsbereich und Anwendbarkeit\u00a0 Rechtsanw\u00e4lte L\u00fcth &amp; Mikuz GsbR. Dr. Matthias L\u00fcth - Mag. Michael Mikuz (im Folgenden &quot;das Unternehmen&quot;), besitzt und betreibt diese Website (im Folgenden &quot;Website&quot;).\u00a0 Diese Datenschutzrichtlinie (die &quot;Datenschutzerkl\u00e4rung&quot;) legt fest, wie das Unternehmen alle Informationen verwendet und sch\u00fctzt, die Sie (der &quot;Nutzer&quot;) der Firma zur Verf\u00fcgung stellen, wenn Sie diese [&hellip;]\" \/>\n<meta property=\"og:url\" content=\"https:\/\/kanzlei-innsbruck.at\/datenschutz\" \/>\n<meta property=\"og:site_name\" content=\"Kanzlei Innsbruck\" \/>\n<meta property=\"og:image\" content=\"https:\/\/kanzlei-innsbruck.at\/wp-content\/uploads\/2024\/04\/kanzleiluethmikuz_stock_10-1-scaled.jpg\" \/>\n\t<meta property=\"og:image:width\" content=\"2560\" \/>\n\t<meta property=\"og:image:height\" content=\"1707\" \/>\n\t<meta property=\"og:image:type\" content=\"image\/jpeg\" \/>\n<meta name=\"twitter:card\" content=\"summary_large_image\" \/>\n<meta name=\"twitter:label1\" content=\"Est. reading time\" \/>\n\t<meta name=\"twitter:data1\" content=\"9 minutes\" \/>\n<script type=\"application\/ld+json\" class=\"yoast-schema-graph\">{\"@context\":\"https:\\\/\\\/schema.org\",\"@graph\":[{\"@type\":\"WebPage\",\"@id\":\"https:\\\/\\\/kanzlei-innsbruck.at\\\/datenschutz\",\"url\":\"https:\\\/\\\/kanzlei-innsbruck.at\\\/datenschutz\",\"name\":\"Datenschutz - Kanzlei Innsbruck\",\"isPartOf\":{\"@id\":\"https:\\\/\\\/kanzlei-innsbruck.at\\\/#website\"},\"datePublished\":\"2024-03-19T12:16:15+00:00\",\"breadcrumb\":{\"@id\":\"https:\\\/\\\/kanzlei-innsbruck.at\\\/datenschutz#breadcrumb\"},\"inLanguage\":\"en-US\",\"potentialAction\":[{\"@type\":\"ReadAction\",\"target\":[\"https:\\\/\\\/kanzlei-innsbruck.at\\\/datenschutz\"]}]},{\"@type\":\"BreadcrumbList\",\"@id\":\"https:\\\/\\\/kanzlei-innsbruck.at\\\/datenschutz#breadcrumb\",\"itemListElement\":[{\"@type\":\"ListItem\",\"position\":1,\"name\":\"Startseite\",\"item\":\"https:\\\/\\\/kanzlei-innsbruck.at\\\/\"},{\"@type\":\"ListItem\",\"position\":2,\"name\":\"Datenschutz\"}]},{\"@type\":\"WebSite\",\"@id\":\"https:\\\/\\\/kanzlei-innsbruck.at\\\/#website\",\"url\":\"https:\\\/\\\/kanzlei-innsbruck.at\\\/\",\"name\":\"Kanzlei Innsbruck\",\"description\":\"Rechtsanw\u00e4lte in Verteidiger in Strafsachen\",\"publisher\":{\"@id\":\"https:\\\/\\\/kanzlei-innsbruck.at\\\/#organization\"},\"potentialAction\":[{\"@type\":\"SearchAction\",\"target\":{\"@type\":\"EntryPoint\",\"urlTemplate\":\"https:\\\/\\\/kanzlei-innsbruck.at\\\/?s={search_term_string}\"},\"query-input\":{\"@type\":\"PropertyValueSpecification\",\"valueRequired\":true,\"valueName\":\"search_term_string\"}}],\"inLanguage\":\"en-US\"},{\"@type\":\"Organization\",\"@id\":\"https:\\\/\\\/kanzlei-innsbruck.at\\\/#organization\",\"name\":\"Kanzlei Innsbruck\",\"url\":\"https:\\\/\\\/kanzlei-innsbruck.at\\\/\",\"logo\":{\"@type\":\"ImageObject\",\"inLanguage\":\"en-US\",\"@id\":\"https:\\\/\\\/kanzlei-innsbruck.at\\\/#\\\/schema\\\/logo\\\/image\\\/\",\"url\":\"https:\\\/\\\/kanzlei-innsbruck.at\\\/wp-content\\\/uploads\\\/2024\\\/03\\\/logo.jpg\",\"contentUrl\":\"https:\\\/\\\/kanzlei-innsbruck.at\\\/wp-content\\\/uploads\\\/2024\\\/03\\\/logo.jpg\",\"width\":314,\"height\":100,\"caption\":\"Kanzlei Innsbruck\"},\"image\":{\"@id\":\"https:\\\/\\\/kanzlei-innsbruck.at\\\/#\\\/schema\\\/logo\\\/image\\\/\"}}]}<\/script>\n<!-- \/ Yoast SEO plugin. -->","yoast_head_json":{"title":"Datenschutz - Kanzlei Innsbruck","robots":{"index":"index","follow":"follow","max-snippet":"max-snippet:-1","max-image-preview":"max-image-preview:large","max-video-preview":"max-video-preview:-1"},"canonical":"https:\/\/kanzlei-innsbruck.at\/datenschutz","og_locale":"en_US","og_type":"article","og_title":"Datenschutz - Kanzlei Innsbruck","og_description":"DATENSCHUTZERKL\u00c4RUNG 1. Geltungsbereich und Anwendbarkeit\u00a0 Rechtsanw\u00e4lte L\u00fcth &amp; Mikuz GsbR. Dr. Matthias L\u00fcth - Mag. Michael Mikuz (im Folgenden \"das Unternehmen\"), besitzt und betreibt diese Website (im Folgenden \"Website\").\u00a0 Diese Datenschutzrichtlinie (die \"Datenschutzerkl\u00e4rung\") legt fest, wie das Unternehmen alle Informationen verwendet und sch\u00fctzt, die Sie (der \"Nutzer\") der Firma zur Verf\u00fcgung stellen, wenn Sie diese [&hellip;]","og_url":"https:\/\/kanzlei-innsbruck.at\/datenschutz","og_site_name":"Kanzlei Innsbruck","og_image":[{"width":2560,"height":1707,"url":"https:\/\/kanzlei-innsbruck.at\/wp-content\/uploads\/2024\/04\/kanzleiluethmikuz_stock_10-1-scaled.jpg","type":"image\/jpeg"}],"twitter_card":"summary_large_image","twitter_misc":{"Est. reading time":"9 minutes"},"schema":{"@context":"https:\/\/schema.org","@graph":[{"@type":"WebPage","@id":"https:\/\/kanzlei-innsbruck.at\/datenschutz","url":"https:\/\/kanzlei-innsbruck.at\/datenschutz","name":"Datenschutz - Kanzlei Innsbruck","isPartOf":{"@id":"https:\/\/kanzlei-innsbruck.at\/#website"},"datePublished":"2024-03-19T12:16:15+00:00","breadcrumb":{"@id":"https:\/\/kanzlei-innsbruck.at\/datenschutz#breadcrumb"},"inLanguage":"en-US","potentialAction":[{"@type":"ReadAction","target":["https:\/\/kanzlei-innsbruck.at\/datenschutz"]}]},{"@type":"BreadcrumbList","@id":"https:\/\/kanzlei-innsbruck.at\/datenschutz#breadcrumb","itemListElement":[{"@type":"ListItem","position":1,"name":"Startseite","item":"https:\/\/kanzlei-innsbruck.at\/"},{"@type":"ListItem","position":2,"name":"Datenschutz"}]},{"@type":"WebSite","@id":"https:\/\/kanzlei-innsbruck.at\/#website","url":"https:\/\/kanzlei-innsbruck.at\/","name":"Kanzlei Innsbruck","description":"Rechtsanw\u00e4lte in Verteidiger in Strafsachen","publisher":{"@id":"https:\/\/kanzlei-innsbruck.at\/#organization"},"potentialAction":[{"@type":"SearchAction","target":{"@type":"EntryPoint","urlTemplate":"https:\/\/kanzlei-innsbruck.at\/?s={search_term_string}"},"query-input":{"@type":"PropertyValueSpecification","valueRequired":true,"valueName":"search_term_string"}}],"inLanguage":"en-US"},{"@type":"Organization","@id":"https:\/\/kanzlei-innsbruck.at\/#organization","name":"Kanzlei Innsbruck","url":"https:\/\/kanzlei-innsbruck.at\/","logo":{"@type":"ImageObject","inLanguage":"en-US","@id":"https:\/\/kanzlei-innsbruck.at\/#\/schema\/logo\/image\/","url":"https:\/\/kanzlei-innsbruck.at\/wp-content\/uploads\/2024\/03\/logo.jpg","contentUrl":"https:\/\/kanzlei-innsbruck.at\/wp-content\/uploads\/2024\/03\/logo.jpg","width":314,"height":100,"caption":"Kanzlei Innsbruck"},"image":{"@id":"https:\/\/kanzlei-innsbruck.at\/#\/schema\/logo\/image\/"}}]}},"_links":{"self":[{"href":"https:\/\/kanzlei-innsbruck.at\/en\/wp-json\/wp\/v2\/pages\/88125","targetHints":{"allow":["GET"]}}],"collection":[{"href":"https:\/\/kanzlei-innsbruck.at\/en\/wp-json\/wp\/v2\/pages"}],"about":[{"href":"https:\/\/kanzlei-innsbruck.at\/en\/wp-json\/wp\/v2\/types\/page"}],"author":[{"embeddable":true,"href":"https:\/\/kanzlei-innsbruck.at\/en\/wp-json\/wp\/v2\/users\/1"}],"replies":[{"embeddable":true,"href":"https:\/\/kanzlei-innsbruck.at\/en\/wp-json\/wp\/v2\/comments?post=88125"}],"version-history":[{"count":0,"href":"https:\/\/kanzlei-innsbruck.at\/en\/wp-json\/wp\/v2\/pages\/88125\/revisions"}],"wp:attachment":[{"href":"https:\/\/kanzlei-innsbruck.at\/en\/wp-json\/wp\/v2\/media?parent=88125"}],"curies":[{"name":"wp","href":"https:\/\/api.w.org\/{rel}","templated":true}]}}