{"id":88121,"date":"2024-04-18T16:51:19","date_gmt":"2024-04-18T16:51:19","guid":{"rendered":"https:\/\/kanzlei-innsbruck.at\/liegenschafts-und-immobilienrecht"},"modified":"2025-06-17T13:09:08","modified_gmt":"2025-06-17T13:09:08","slug":"liegenschafts-und-immobilienrecht","status":"publish","type":"page","link":"https:\/\/kanzlei-innsbruck.at\/en\/rechtsgebiete\/liegenschafts-und-immobilienrecht","title":{"rendered":"Real Estate and Property Law"},"content":{"rendered":"<p>[et_pb_section fb_built=&#8221;1&#8243; fullwidth=&#8221;on&#8221; _builder_version=&#8221;4.24.3&#8243; _module_preset=&#8221;default&#8221; global_colors_info=&#8221;{}&#8221;][et_pb_fullwidth_slider _builder_version=&#8221;4.27.0&#8243; _module_preset=&#8221;default&#8221; header_font=&#8221;|600|||||||&#8221; header_font_size=&#8221;46px&#8221; hover_enabled=&#8221;0&#8243; header_font_size_tablet=&#8221;8vw&#8221; header_font_size_phone=&#8221;8vw&#8221; header_font_size_last_edited=&#8221;on|desktop&#8221; global_colors_info=&#8221;{}&#8221; sticky_enabled=&#8221;0&#8243;][et_pb_slide heading=&#8221;Real Estate and Property Law&#8221; _builder_version=&#8221;4.27.0&#8243; _module_preset=&#8221;default&#8221; background_color=&#8221;rgba(0,0,0,0.5)&#8221; background_enable_color=&#8221;on&#8221; background_image=&#8221;https:\/\/kanzlei-innsbruck.at\/wp-content\/uploads\/2024\/04\/kanzleiluethmikuz_stock_5-1-scaled.jpg&#8221; background_enable_image=&#8221;on&#8221; background_blend=&#8221;multiply&#8221; hover_enabled=&#8221;0&#8243; global_colors_info=&#8221;{}&#8221; sticky_transition=&#8221;on&#8221; alt=&#8221;Eine Person in dunkler Bluse sitzt an einem Schreibtisch in der Kanzlei Innsbruck und bl\u00e4ttert in einem offenen Buch. Weitere B\u00fccher stapeln sich in der N\u00e4he, die Szene suggeriert Lernen oder Recherchieren.&#8221; title_text=&#8221;kanzleiluethmikuz_stock_5&#8243; sticky_enabled=&#8221;0&#8243;][\/et_pb_slide][\/et_pb_fullwidth_slider][\/et_pb_section][et_pb_section fb_built=&#8221;1&#8243; _builder_version=&#8221;4.24.3&#8243; _module_preset=&#8221;default&#8221; global_colors_info=&#8221;{}&#8221;][et_pb_row column_structure=&#8221;1_3,2_3&#8243; _builder_version=&#8221;4.24.3&#8243; _module_preset=&#8221;default&#8221; global_colors_info=&#8221;{}&#8221;][et_pb_column type=&#8221;1_3&#8243; _builder_version=&#8221;4.24.3&#8243; _module_preset=&#8221;default&#8221; global_colors_info=&#8221;{}&#8221;][et_pb_sidebar disabled_on=&#8221;on|on|off&#8221; _builder_version=&#8221;4.24.3&#8243; _module_preset=&#8221;default&#8221; header_text_color=&#8221;#585858&#8243; body_font=&#8221;|600|||||||&#8221; body_text_align=&#8221;right&#8221; body_font_size=&#8221;16px&#8221; body_line_height=&#8221;1.8em&#8221; text_orientation=&#8221;left&#8221; global_colors_info=&#8221;{}&#8221;][\/et_pb_sidebar][\/et_pb_column][et_pb_column type=&#8221;2_3&#8243; _builder_version=&#8221;4.24.3&#8243; _module_preset=&#8221;default&#8221; global_colors_info=&#8221;{}&#8221;][et_pb_text _builder_version=&#8221;4.27.0&#8243; _module_preset=&#8221;default&#8221; text_font_size=&#8221;17px&#8221; text_line_height=&#8221;1.8em&#8221; header_3_font_size=&#8221;28px&#8221; global_colors_info=&#8221;{}&#8221;]<\/p>\n<h3><b>Real Estate and Property Law<\/b><\/h3>\n<p><b><span class=\"Apple-converted-space\"><\/span><\/b><\/p>\n<p>Handling property purchases requires in-depth knowledge of various legal areas, both on a national and international level. A thorough examination of the property, including its legal status, is essential for the careful preparation and execution of a purchase agreement.<\/p>\n<p>A crucial part of our work is addressing country-specific legal challenges, with a particular focus on Austria and Italy. In Italy, local legal knowledge and navigating bureaucratic hurdles are key to success.<\/p>\n<p>Another focus of our practice is our collaboration with developers. With our many years of experience, we have extensive knowledge of the unique challenges and requirements associated with projects in this area. This expertise enables us to provide comprehensive support to developers, from legal advice to strategic project implementation.<\/p>\n<p>Our law firm guides buyers and sellers through the entire property transaction process. We ensure that all legal, financial, and administrative aspects are handled with the utmost care and professionalism. As experts in this complex field, we stand by you with our extensive knowledge and experience to secure the best possible outcome for your transactions.<\/p>\n<p>[\/et_pb_text][\/et_pb_column][\/et_pb_row][\/et_pb_section][et_pb_section fb_built=&#8221;1&#8243; disabled_on=&#8221;on|on|on&#8221; _builder_version=&#8221;4.16&#8243; custom_padding=&#8221;80px|0px|80px|0px|true|false&#8221; disabled=&#8221;on&#8221; locked=&#8221;off&#8221; global_colors_info=&#8221;{}&#8221;][et_pb_row use_custom_gutter=&#8221;on&#8221; make_equal=&#8221;on&#8221; _builder_version=&#8221;4.24.3&#8243; width_tablet=&#8221;80%&#8221; width_phone=&#8221;90%&#8221; width_last_edited=&#8221;off|tablet&#8221; max_width_tablet=&#8221;90%&#8221; max_width_phone=&#8221;90%&#8221; max_width_last_edited=&#8221;off|desktop&#8221; custom_padding=&#8221;0px||3px||false|false&#8221; global_colors_info=&#8221;{}&#8221;][et_pb_column type=&#8221;4_4&#8243; _builder_version=&#8221;4.16&#8243; global_colors_info=&#8221;{}&#8221;][et_pb_text _builder_version=&#8221;4.24.3&#8243; text_text_color=&#8221;#000000&#8243; text_font_size=&#8221;16px&#8221; text_line_height=&#8221;1.8em&#8221; header_text_align=&#8221;left&#8221; header_3_text_align=&#8221;center&#8221; header_3_font_size=&#8221;28px&#8221; custom_padding=&#8221;||3px|||&#8221; global_colors_info=&#8221;{}&#8221;]<\/p>\n<h3><strong>Ansprechpartner f\u00fcr Liegenschafts- und Immobilienrecht:<\/strong><\/h3>\n<p>[\/et_pb_text][et_pb_divider color=&#8221;rgba(96,96,96,0.54)&#8221; _builder_version=&#8221;4.24.3&#8243; global_colors_info=&#8221;{}&#8221;][\/et_pb_divider][\/et_pb_column][\/et_pb_row][et_pb_row column_structure=&#8221;1_3,1_3,1_3&#8243; use_custom_gutter=&#8221;on&#8221; make_equal=&#8221;on&#8221; _builder_version=&#8221;4.24.3&#8243; custom_margin=&#8221;-7px|auto||auto||&#8221; global_colors_info=&#8221;{}&#8221;][et_pb_column type=&#8221;1_3&#8243; _builder_version=&#8221;4.16&#8243; custom_padding=&#8221;|||&#8221; global_colors_info=&#8221;{}&#8221; custom_padding__hover=&#8221;|||&#8221;][et_pb_image src=&#8221;https:\/\/kanzleiinnsbruck.live-website.com\/wp-content\/uploads\/2024\/04\/kanzleiluethmikuz_portrait_rz_25-scaled.jpg&#8221; title_text=&#8221;kanzleiluethmikuz_portrait_rz_25&#8243; align_tablet=&#8221;center&#8221; align_phone=&#8221;&#8221; align_last_edited=&#8221;on|desktop&#8221; _builder_version=&#8221;4.24.3&#8243; global_colors_info=&#8221;{}&#8221;][\/et_pb_image][et_pb_text _builder_version=&#8221;4.24.3&#8243; text_font=&#8221;Nunito Sans||||||||&#8221; text_text_color=&#8221;#5499D4&#8243; text_font_size=&#8221;16px&#8221; text_line_height=&#8221;1.6em&#8221; header_font=&#8221;|700||on|||||&#8221; header_text_color=&#8221;#000000&#8243; header_font_size=&#8221;20px&#8221; header_line_height=&#8221;1.3em&#8221; custom_padding=&#8221;4px||&#8221; global_colors_info=&#8221;{}&#8221;]<\/p>\n<h1>Dr. Matthias L\u00fcth<\/h1>\n<p>[\/et_pb_text][et_pb_text _builder_version=&#8221;4.24.3&#8243; text_font=&#8221;||||||||&#8221; text_text_color=&#8221;#000000&#8243; text_line_height=&#8221;1.6em&#8221; header_font=&#8221;Nunito Sans|700||on|||||&#8221; header_text_color=&#8221;#297FCA&#8221; header_font_size=&#8221;20px&#8221; header_line_height=&#8221;1.3em&#8221; custom_margin=&#8221;-24px||&#8221; global_colors_info=&#8221;{}&#8221;]<\/p>\n<p>Rechtsanwalt<\/p>\n<p>[\/et_pb_text][et_pb_divider color=&#8221;rgba(96,96,96,0.54)&#8221; _builder_version=&#8221;4.24.3&#8243; global_colors_info=&#8221;{}&#8221;][\/et_pb_divider][\/et_pb_column][et_pb_column type=&#8221;1_3&#8243; _builder_version=&#8221;4.16&#8243; custom_padding=&#8221;|||&#8221; global_colors_info=&#8221;{}&#8221; custom_padding__hover=&#8221;|||&#8221;][et_pb_image src=&#8221;https:\/\/kanzleiinnsbruck.live-website.com\/wp-content\/uploads\/2024\/04\/kanzleiluethmikuz_portrait_rz_24-scaled.jpg&#8221; title_text=&#8221;kanzleiluethmikuz_portrait_rz_24&#8243; align_tablet=&#8221;center&#8221; align_phone=&#8221;&#8221; align_last_edited=&#8221;on|desktop&#8221; _builder_version=&#8221;4.24.3&#8243; global_colors_info=&#8221;{}&#8221;][\/et_pb_image][et_pb_text _builder_version=&#8221;4.24.3&#8243; text_font=&#8221;Nunito Sans||||||||&#8221; text_text_color=&#8221;#5499D4&#8243; text_font_size=&#8221;16px&#8221; text_line_height=&#8221;1.6em&#8221; header_font=&#8221;Poppins|700||on|||||&#8221; header_text_color=&#8221;#000000&#8243; header_font_size=&#8221;20px&#8221; header_line_height=&#8221;1.3em&#8221; custom_padding=&#8221;4px||&#8221; global_colors_info=&#8221;{}&#8221;]<\/p>\n<h1>Mag. Michael Mikuz<\/h1>\n<p>[\/et_pb_text][et_pb_text _builder_version=&#8221;4.24.3&#8243; text_font=&#8221;||||||||&#8221; text_text_color=&#8221;#000000&#8243; text_line_height=&#8221;1.6em&#8221; header_font=&#8221;Nunito Sans|700||on|||||&#8221; header_text_color=&#8221;#297FCA&#8221; header_font_size=&#8221;20px&#8221; header_line_height=&#8221;1.3em&#8221; custom_margin=&#8221;-24px||&#8221; global_colors_info=&#8221;{}&#8221;]<\/p>\n<p>Rechtsanwalt<\/p>\n<p>[\/et_pb_text][et_pb_divider color=&#8221;rgba(96,96,96,0.54)&#8221; _builder_version=&#8221;4.24.3&#8243; global_colors_info=&#8221;{}&#8221;][\/et_pb_divider][\/et_pb_column][et_pb_column type=&#8221;1_3&#8243; _builder_version=&#8221;4.16&#8243; custom_padding=&#8221;|||&#8221; global_colors_info=&#8221;{}&#8221; custom_padding__hover=&#8221;|||&#8221;][et_pb_image src=&#8221;https:\/\/kanzleiinnsbruck.live-website.com\/wp-content\/uploads\/2024\/04\/kanzleiluethmikuz_portrait_rz_26-scaled.jpg&#8221; title_text=&#8221;kanzleiluethmikuz_portrait_rz_26&#8243; align_tablet=&#8221;center&#8221; align_phone=&#8221;&#8221; align_last_edited=&#8221;on|desktop&#8221; _builder_version=&#8221;4.24.3&#8243; global_colors_info=&#8221;{}&#8221;][\/et_pb_image][et_pb_text _builder_version=&#8221;4.24.3&#8243; text_font=&#8221;Nunito Sans||||||||&#8221; text_text_color=&#8221;#5499D4&#8243; text_font_size=&#8221;16px&#8221; text_line_height=&#8221;1.6em&#8221; header_font=&#8221;Poppins|700||on|||||&#8221; header_text_color=&#8221;#000000&#8243; header_font_size=&#8221;20px&#8221; header_line_height=&#8221;1.3em&#8221; custom_padding=&#8221;4px||&#8221; global_colors_info=&#8221;{}&#8221;]<\/p>\n<h1>Dr. Valentina Thaler<\/h1>\n<p>[\/et_pb_text][et_pb_text _builder_version=&#8221;4.24.3&#8243; text_font=&#8221;||||||||&#8221; text_text_color=&#8221;#000000&#8243; text_line_height=&#8221;1.6em&#8221; header_font=&#8221;Nunito Sans|700||on|||||&#8221; header_text_color=&#8221;#297FCA&#8221; header_font_size=&#8221;20px&#8221; header_line_height=&#8221;1.3em&#8221; custom_margin=&#8221;-24px||&#8221; global_colors_info=&#8221;{}&#8221;]<\/p>\n<p>Rechtsanw\u00e4ltin<\/p>\n<p>[\/et_pb_text][et_pb_divider color=&#8221;rgba(96,96,96,0.54)&#8221; _builder_version=&#8221;4.24.3&#8243; global_colors_info=&#8221;{}&#8221;][\/et_pb_divider][\/et_pb_column][\/et_pb_row][\/et_pb_section]<\/p>\n","protected":false},"excerpt":{"rendered":"<p>Real Estate and Property Law Handling property purchases requires in-depth knowledge of various legal areas, both on a national and international level. A thorough examination of the property, including its legal status, is essential for the careful preparation and execution of a purchase agreement. A crucial part of our work is addressing country-specific legal challenges, [&hellip;]<\/p>\n","protected":false},"author":1,"featured_media":0,"parent":88135,"menu_order":5,"comment_status":"closed","ping_status":"closed","template":"","meta":{"_et_pb_use_builder":"on","_et_pb_old_content":"","_et_gb_content_width":"","footnotes":""},"class_list":["post-88121","page","type-page","status-publish","hentry"],"yoast_head":"<!-- This site is optimized with the Yoast SEO plugin v27.3 - https:\/\/yoast.com\/product\/yoast-seo-wordpress\/ -->\n<title>Real Estate and Property Law - Kanzlei Innsbruck<\/title>\n<meta name=\"robots\" content=\"index, follow, max-snippet:-1, max-image-preview:large, max-video-preview:-1\" \/>\n<link rel=\"canonical\" href=\"https:\/\/kanzlei-innsbruck.at\/rechtsgebiete\/liegenschafts-und-immobilienrecht\" \/>\n<meta property=\"og:locale\" content=\"en_US\" \/>\n<meta property=\"og:type\" content=\"article\" \/>\n<meta property=\"og:title\" content=\"Real Estate and Property Law - Kanzlei Innsbruck\" \/>\n<meta property=\"og:description\" content=\"Real Estate and Property Law Handling property purchases requires in-depth knowledge of various legal areas, both on a national and international level. A thorough examination of the property, including its legal status, is essential for the careful preparation and execution of a purchase agreement. A crucial part of our work is addressing country-specific legal challenges, [&hellip;]\" \/>\n<meta property=\"og:url\" content=\"https:\/\/kanzlei-innsbruck.at\/rechtsgebiete\/liegenschafts-und-immobilienrecht\" \/>\n<meta property=\"og:site_name\" content=\"Kanzlei Innsbruck\" \/>\n<meta property=\"article:modified_time\" content=\"2025-06-17T13:09:08+00:00\" \/>\n<meta property=\"og:image\" content=\"https:\/\/kanzlei-innsbruck.at\/wp-content\/uploads\/2024\/04\/kanzleiluethmikuz_stock_10-1-scaled.jpg\" \/>\n\t<meta property=\"og:image:width\" content=\"2560\" \/>\n\t<meta property=\"og:image:height\" content=\"1707\" \/>\n\t<meta property=\"og:image:type\" content=\"image\/jpeg\" \/>\n<meta name=\"twitter:card\" content=\"summary_large_image\" \/>\n<meta name=\"twitter:label1\" content=\"Est. reading time\" \/>\n\t<meta name=\"twitter:data1\" content=\"6 minutes\" \/>\n<script type=\"application\/ld+json\" class=\"yoast-schema-graph\">{\"@context\":\"https:\\\/\\\/schema.org\",\"@graph\":[{\"@type\":\"WebPage\",\"@id\":\"https:\\\/\\\/kanzlei-innsbruck.at\\\/rechtsgebiete\\\/liegenschafts-und-immobilienrecht\",\"url\":\"https:\\\/\\\/kanzlei-innsbruck.at\\\/rechtsgebiete\\\/liegenschafts-und-immobilienrecht\",\"name\":\"Real Estate and Property Law - Kanzlei Innsbruck\",\"isPartOf\":{\"@id\":\"https:\\\/\\\/kanzlei-innsbruck.at\\\/#website\"},\"datePublished\":\"2024-04-18T16:51:19+00:00\",\"dateModified\":\"2025-06-17T13:09:08+00:00\",\"breadcrumb\":{\"@id\":\"https:\\\/\\\/kanzlei-innsbruck.at\\\/rechtsgebiete\\\/liegenschafts-und-immobilienrecht#breadcrumb\"},\"inLanguage\":\"en-US\",\"potentialAction\":[{\"@type\":\"ReadAction\",\"target\":[\"https:\\\/\\\/kanzlei-innsbruck.at\\\/rechtsgebiete\\\/liegenschafts-und-immobilienrecht\"]}]},{\"@type\":\"BreadcrumbList\",\"@id\":\"https:\\\/\\\/kanzlei-innsbruck.at\\\/rechtsgebiete\\\/liegenschafts-und-immobilienrecht#breadcrumb\",\"itemListElement\":[{\"@type\":\"ListItem\",\"position\":1,\"name\":\"Startseite\",\"item\":\"https:\\\/\\\/kanzlei-innsbruck.at\\\/\"},{\"@type\":\"ListItem\",\"position\":2,\"name\":\"Legal Areas\",\"item\":\"https:\\\/\\\/kanzlei-innsbruck.at\\\/rechtsgebiete\"},{\"@type\":\"ListItem\",\"position\":3,\"name\":\"Real Estate and Property Law\"}]},{\"@type\":\"WebSite\",\"@id\":\"https:\\\/\\\/kanzlei-innsbruck.at\\\/#website\",\"url\":\"https:\\\/\\\/kanzlei-innsbruck.at\\\/\",\"name\":\"Kanzlei Innsbruck\",\"description\":\"Rechtsanw\u00e4lte in Verteidiger in Strafsachen\",\"publisher\":{\"@id\":\"https:\\\/\\\/kanzlei-innsbruck.at\\\/#organization\"},\"potentialAction\":[{\"@type\":\"SearchAction\",\"target\":{\"@type\":\"EntryPoint\",\"urlTemplate\":\"https:\\\/\\\/kanzlei-innsbruck.at\\\/?s={search_term_string}\"},\"query-input\":{\"@type\":\"PropertyValueSpecification\",\"valueRequired\":true,\"valueName\":\"search_term_string\"}}],\"inLanguage\":\"en-US\"},{\"@type\":\"Organization\",\"@id\":\"https:\\\/\\\/kanzlei-innsbruck.at\\\/#organization\",\"name\":\"Kanzlei Innsbruck\",\"url\":\"https:\\\/\\\/kanzlei-innsbruck.at\\\/\",\"logo\":{\"@type\":\"ImageObject\",\"inLanguage\":\"en-US\",\"@id\":\"https:\\\/\\\/kanzlei-innsbruck.at\\\/#\\\/schema\\\/logo\\\/image\\\/\",\"url\":\"https:\\\/\\\/kanzlei-innsbruck.at\\\/wp-content\\\/uploads\\\/2024\\\/03\\\/logo.jpg\",\"contentUrl\":\"https:\\\/\\\/kanzlei-innsbruck.at\\\/wp-content\\\/uploads\\\/2024\\\/03\\\/logo.jpg\",\"width\":314,\"height\":100,\"caption\":\"Kanzlei Innsbruck\"},\"image\":{\"@id\":\"https:\\\/\\\/kanzlei-innsbruck.at\\\/#\\\/schema\\\/logo\\\/image\\\/\"}}]}<\/script>\n<!-- \/ Yoast SEO plugin. -->","yoast_head_json":{"title":"Real Estate and Property Law - Kanzlei Innsbruck","robots":{"index":"index","follow":"follow","max-snippet":"max-snippet:-1","max-image-preview":"max-image-preview:large","max-video-preview":"max-video-preview:-1"},"canonical":"https:\/\/kanzlei-innsbruck.at\/rechtsgebiete\/liegenschafts-und-immobilienrecht","og_locale":"en_US","og_type":"article","og_title":"Real Estate and Property Law - Kanzlei Innsbruck","og_description":"Real Estate and Property Law Handling property purchases requires in-depth knowledge of various legal areas, both on a national and international level. A thorough examination of the property, including its legal status, is essential for the careful preparation and execution of a purchase agreement. A crucial part of our work is addressing country-specific legal challenges, [&hellip;]","og_url":"https:\/\/kanzlei-innsbruck.at\/rechtsgebiete\/liegenschafts-und-immobilienrecht","og_site_name":"Kanzlei Innsbruck","article_modified_time":"2025-06-17T13:09:08+00:00","og_image":[{"width":2560,"height":1707,"url":"https:\/\/kanzlei-innsbruck.at\/wp-content\/uploads\/2024\/04\/kanzleiluethmikuz_stock_10-1-scaled.jpg","type":"image\/jpeg"}],"twitter_card":"summary_large_image","twitter_misc":{"Est. reading time":"6 minutes"},"schema":{"@context":"https:\/\/schema.org","@graph":[{"@type":"WebPage","@id":"https:\/\/kanzlei-innsbruck.at\/rechtsgebiete\/liegenschafts-und-immobilienrecht","url":"https:\/\/kanzlei-innsbruck.at\/rechtsgebiete\/liegenschafts-und-immobilienrecht","name":"Real Estate and Property Law - Kanzlei Innsbruck","isPartOf":{"@id":"https:\/\/kanzlei-innsbruck.at\/#website"},"datePublished":"2024-04-18T16:51:19+00:00","dateModified":"2025-06-17T13:09:08+00:00","breadcrumb":{"@id":"https:\/\/kanzlei-innsbruck.at\/rechtsgebiete\/liegenschafts-und-immobilienrecht#breadcrumb"},"inLanguage":"en-US","potentialAction":[{"@type":"ReadAction","target":["https:\/\/kanzlei-innsbruck.at\/rechtsgebiete\/liegenschafts-und-immobilienrecht"]}]},{"@type":"BreadcrumbList","@id":"https:\/\/kanzlei-innsbruck.at\/rechtsgebiete\/liegenschafts-und-immobilienrecht#breadcrumb","itemListElement":[{"@type":"ListItem","position":1,"name":"Startseite","item":"https:\/\/kanzlei-innsbruck.at\/"},{"@type":"ListItem","position":2,"name":"Legal Areas","item":"https:\/\/kanzlei-innsbruck.at\/rechtsgebiete"},{"@type":"ListItem","position":3,"name":"Real Estate and Property Law"}]},{"@type":"WebSite","@id":"https:\/\/kanzlei-innsbruck.at\/#website","url":"https:\/\/kanzlei-innsbruck.at\/","name":"Kanzlei Innsbruck","description":"Rechtsanw\u00e4lte in Verteidiger in Strafsachen","publisher":{"@id":"https:\/\/kanzlei-innsbruck.at\/#organization"},"potentialAction":[{"@type":"SearchAction","target":{"@type":"EntryPoint","urlTemplate":"https:\/\/kanzlei-innsbruck.at\/?s={search_term_string}"},"query-input":{"@type":"PropertyValueSpecification","valueRequired":true,"valueName":"search_term_string"}}],"inLanguage":"en-US"},{"@type":"Organization","@id":"https:\/\/kanzlei-innsbruck.at\/#organization","name":"Kanzlei Innsbruck","url":"https:\/\/kanzlei-innsbruck.at\/","logo":{"@type":"ImageObject","inLanguage":"en-US","@id":"https:\/\/kanzlei-innsbruck.at\/#\/schema\/logo\/image\/","url":"https:\/\/kanzlei-innsbruck.at\/wp-content\/uploads\/2024\/03\/logo.jpg","contentUrl":"https:\/\/kanzlei-innsbruck.at\/wp-content\/uploads\/2024\/03\/logo.jpg","width":314,"height":100,"caption":"Kanzlei Innsbruck"},"image":{"@id":"https:\/\/kanzlei-innsbruck.at\/#\/schema\/logo\/image\/"}}]}},"_links":{"self":[{"href":"https:\/\/kanzlei-innsbruck.at\/en\/wp-json\/wp\/v2\/pages\/88121","targetHints":{"allow":["GET"]}}],"collection":[{"href":"https:\/\/kanzlei-innsbruck.at\/en\/wp-json\/wp\/v2\/pages"}],"about":[{"href":"https:\/\/kanzlei-innsbruck.at\/en\/wp-json\/wp\/v2\/types\/page"}],"author":[{"embeddable":true,"href":"https:\/\/kanzlei-innsbruck.at\/en\/wp-json\/wp\/v2\/users\/1"}],"replies":[{"embeddable":true,"href":"https:\/\/kanzlei-innsbruck.at\/en\/wp-json\/wp\/v2\/comments?post=88121"}],"version-history":[{"count":6,"href":"https:\/\/kanzlei-innsbruck.at\/en\/wp-json\/wp\/v2\/pages\/88121\/revisions"}],"predecessor-version":[{"id":88311,"href":"https:\/\/kanzlei-innsbruck.at\/en\/wp-json\/wp\/v2\/pages\/88121\/revisions\/88311"}],"up":[{"embeddable":true,"href":"https:\/\/kanzlei-innsbruck.at\/en\/wp-json\/wp\/v2\/pages\/88135"}],"wp:attachment":[{"href":"https:\/\/kanzlei-innsbruck.at\/en\/wp-json\/wp\/v2\/media?parent=88121"}],"curies":[{"name":"wp","href":"https:\/\/api.w.org\/{rel}","templated":true}]}}